{"id":16,"date":"2022-10-22T20:26:29","date_gmt":"2022-10-22T18:26:29","guid":{"rendered":"https:\/\/www.skparbat.eu\/wordpress\/?page_id=16"},"modified":"2024-01-05T19:29:22","modified_gmt":"2024-01-05T18:29:22","slug":"o-nas","status":"publish","type":"page","link":"https:\/\/www.skparbat.eu\/wordpress\/index.php\/o-nas\/","title":{"rendered":"O n\u00e1s"},"content":{"rendered":"<div class=\"wp-block-image\">\n<figure class=\"aligncenter size-large is-resized\"><a href=\"https:\/\/parbateu.darujme.sk\/podpor-nase-aktivity-aed10\/\" target=\"_blank\" rel=\"noreferrer noopener\"><img decoding=\"async\" loading=\"lazy\" width=\"1024\" height=\"529\" src=\"https:\/\/www.skparbat.eu\/wordpress\/wp-content\/uploads\/2023\/12\/TlacitDarujme-1024x529.jpg\" alt=\"\" class=\"wp-image-509\" style=\"aspect-ratio:1.9357277882797732;width:321px;height:auto\" srcset=\"https:\/\/www.skparbat.eu\/wordpress\/wp-content\/uploads\/2023\/12\/TlacitDarujme-1024x529.jpg 1024w, https:\/\/www.skparbat.eu\/wordpress\/wp-content\/uploads\/2023\/12\/TlacitDarujme-300x155.jpg 300w, https:\/\/www.skparbat.eu\/wordpress\/wp-content\/uploads\/2023\/12\/TlacitDarujme-768x397.jpg 768w, https:\/\/www.skparbat.eu\/wordpress\/wp-content\/uploads\/2023\/12\/TlacitDarujme-1536x794.jpg 1536w, https:\/\/www.skparbat.eu\/wordpress\/wp-content\/uploads\/2023\/12\/TlacitDarujme-2048x1058.jpg 2048w\" sizes=\"(max-width: 1024px) 100vw, 1024px\" \/><\/a><\/figure><\/div>\n\n\n<div class=\"wp-block-group is-layout-constrained wp-block-group-is-layout-constrained\"><div class=\"wp-block-group__inner-container\">\n<div class=\"wp-block-columns are-vertically-aligned-center is-layout-flex wp-container-2 wp-block-columns-is-layout-flex\">\n<div class=\"wp-block-column is-vertically-aligned-center is-layout-flow wp-block-column-is-layout-flow\" style=\"flex-basis:100%\"><div class=\"wp-block-image\">\n<figure class=\"aligncenter size-full\"><a href=\"https:\/\/www.websupport.sk\/\" target=\"_blank\" rel=\"noreferrer noopener\"><img decoding=\"async\" loading=\"lazy\" width=\"320\" height=\"100\" src=\"https:\/\/www.skparbat.eu\/wordpress\/wp-content\/uploads\/2023\/11\/freeweb-sk-3.png\" alt=\"\" class=\"wp-image-368\" style=\"aspect-ratio:3.2\" srcset=\"https:\/\/www.skparbat.eu\/wordpress\/wp-content\/uploads\/2023\/11\/freeweb-sk-3.png 320w, https:\/\/www.skparbat.eu\/wordpress\/wp-content\/uploads\/2023\/11\/freeweb-sk-3-300x94.png 300w\" sizes=\"(max-width: 320px) 100vw, 320px\" \/><\/a><\/figure><\/div><\/div>\n<\/div>\n<\/div><\/div>\n\n\n\n<p><\/p>\n\n\n\n<p class=\"has-text-align-center\">Ujs\u0165 z mesta von do lesa, to je pre n\u00e1s noblesa.<br>Ticho h\u00f4r je na\u0161a hudba, ke\u010f sa slnko s nocou \u013e\u00fabia.<br>V Tatr\u00e1ch \u017eulu ochyt\u00e1va\u0165, s po\u010das\u00edm si zahra\u0165 \u0161ach-mat.<br>Be\u017ea\u0165 so svitan\u00edm o z\u00e1vod, studni\u010dku n\u00e1js\u0165 pr\u00e1ve vhod.<br>Sneh n\u00e1s l\u00e1ka v zime von, v stehn\u00e1ch c\u00edti\u0165 kopca sklon.<br>Ly\u017ee necha\u0165 svahom svi\u0161\u0165a\u0165, nech n\u00e1m srdcia riadne pi\u0161tia.<br>V Paklenici h\u013eada\u0165 mini chyty, zachr\u00e1nia n\u00e1s len hust\u00e9 nity.<br>Zrazu by\u0165 hore, nik nevie ako, preto sa lano matl\u00e1 tak hladko,<br>aby sme sa po 4 d\u013a\u017ekach v \u00fapeku, ok\u00fapali bez ostychu v potoku.<br>Stret\u00e1va\u0165 \u013eud\u00ed pln\u00fdch dobroty, nez\u013eakn\u00fa\u0165 sa \u0165a\u017ekej roboty.<br>Aj ke\u010f n\u00e1s odr\u00e1dzaj\u00fa in\u00ed, nech vravia za n\u00e1s na\u0161e \u010diny.<\/p>\n\n\n<div class=\"wp-block-image\">\n<figure class=\"aligncenter size-full\"><img decoding=\"async\" loading=\"lazy\" width=\"167\" height=\"167\" src=\"https:\/\/www.skparbat.eu\/wordpress\/wp-content\/uploads\/2023\/09\/home_page-fill-167x167-1.jpg\" alt=\"\" class=\"wp-image-118\" srcset=\"https:\/\/www.skparbat.eu\/wordpress\/wp-content\/uploads\/2023\/09\/home_page-fill-167x167-1.jpg 167w, https:\/\/www.skparbat.eu\/wordpress\/wp-content\/uploads\/2023\/09\/home_page-fill-167x167-1-150x150.jpg 150w\" sizes=\"(max-width: 167px) 100vw, 167px\" \/><\/figure><\/div>","protected":false},"excerpt":{"rendered":"<p>Ujs\u0165 z mesta von do lesa, to je pre n\u00e1s noblesa.Ticho h\u00f4r je na\u0161a hudba, ke\u010f sa slnko s nocou \u013e\u00fabia.V Tatr\u00e1ch \u017eulu ochyt\u00e1va\u0165, s po\u010das\u00edm si zahra\u0165 \u0161ach-mat.Be\u017ea\u0165 so svitan\u00edm o z\u00e1vod, studni\u010dku n\u00e1js\u0165 pr\u00e1ve vhod.Sneh n\u00e1s l\u00e1ka v zime von, v stehn\u00e1ch c\u00edti\u0165 kopca sklon.Ly\u017ee necha\u0165 svahom svi\u0161\u0165a\u0165, nech n\u00e1m srdcia riadne pi\u0161tia.V [&hellip;]<\/p>\n","protected":false},"author":1,"featured_media":0,"parent":0,"menu_order":0,"comment_status":"closed","ping_status":"closed","template":"","meta":{"_mi_skip_tracking":false,"footnotes":""},"yoast_head":"<!-- This site is optimized with the Yoast SEO plugin v19.7.1 - https:\/\/yoast.com\/wordpress\/plugins\/seo\/ -->\n<title>O n\u00e1s - \u0160K Parbat<\/title>\n<meta name=\"robots\" content=\"index, follow, max-snippet:-1, max-image-preview:large, max-video-preview:-1\" \/>\n<link rel=\"canonical\" href=\"https:\/\/www.skparbat.eu\/wordpress\/index.php\/o-nas\/\" \/>\n<meta property=\"og:locale\" content=\"sk_SK\" \/>\n<meta property=\"og:type\" content=\"article\" \/>\n<meta property=\"og:title\" content=\"O n\u00e1s - \u0160K Parbat\" \/>\n<meta property=\"og:description\" content=\"Ujs\u0165 z mesta von do lesa, to je pre n\u00e1s noblesa.Ticho h\u00f4r je na\u0161a hudba, ke\u010f sa slnko s nocou \u013e\u00fabia.V Tatr\u00e1ch \u017eulu ochyt\u00e1va\u0165, s po\u010das\u00edm si zahra\u0165 \u0161ach-mat.Be\u017ea\u0165 so svitan\u00edm o z\u00e1vod, studni\u010dku n\u00e1js\u0165 pr\u00e1ve vhod.Sneh n\u00e1s l\u00e1ka v zime von, v stehn\u00e1ch c\u00edti\u0165 kopca sklon.Ly\u017ee necha\u0165 svahom svi\u0161\u0165a\u0165, nech n\u00e1m srdcia riadne pi\u0161tia.V [&hellip;]\" \/>\n<meta property=\"og:url\" content=\"https:\/\/www.skparbat.eu\/wordpress\/index.php\/o-nas\/\" \/>\n<meta property=\"og:site_name\" content=\"\u0160K Parbat\" \/>\n<meta property=\"article:modified_time\" content=\"2024-01-05T18:29:22+00:00\" \/>\n<meta property=\"og:image\" content=\"https:\/\/www.skparbat.eu\/wordpress\/wp-content\/uploads\/2023\/12\/TlacitDarujme-1024x529.jpg\" \/>\n<meta name=\"twitter:card\" content=\"summary_large_image\" \/>\n<meta name=\"twitter:label1\" content=\"Predpokladan\u00fd \u010das \u010d\u00edtania\" \/>\n\t<meta name=\"twitter:data1\" content=\"1 min\u00fata\" \/>\n<script type=\"application\/ld+json\" class=\"yoast-schema-graph\">{\"@context\":\"https:\/\/schema.org\",\"@graph\":[{\"@type\":\"WebPage\",\"@id\":\"https:\/\/www.skparbat.eu\/wordpress\/index.php\/o-nas\/\",\"url\":\"https:\/\/www.skparbat.eu\/wordpress\/index.php\/o-nas\/\",\"name\":\"O n\u00e1s - \u0160K Parbat\",\"isPartOf\":{\"@id\":\"https:\/\/www.skparbat.eu\/wordpress\/#website\"},\"datePublished\":\"2022-10-22T18:26:29+00:00\",\"dateModified\":\"2024-01-05T18:29:22+00:00\",\"breadcrumb\":{\"@id\":\"https:\/\/www.skparbat.eu\/wordpress\/index.php\/o-nas\/#breadcrumb\"},\"inLanguage\":\"sk-SK\",\"potentialAction\":[{\"@type\":\"ReadAction\",\"target\":[\"https:\/\/www.skparbat.eu\/wordpress\/index.php\/o-nas\/\"]}]},{\"@type\":\"BreadcrumbList\",\"@id\":\"https:\/\/www.skparbat.eu\/wordpress\/index.php\/o-nas\/#breadcrumb\",\"itemListElement\":[{\"@type\":\"ListItem\",\"position\":1,\"name\":\"Home\",\"item\":\"https:\/\/www.skparbat.eu\/wordpress\/\"},{\"@type\":\"ListItem\",\"position\":2,\"name\":\"O n\u00e1s\"}]},{\"@type\":\"WebSite\",\"@id\":\"https:\/\/www.skparbat.eu\/wordpress\/#website\",\"url\":\"https:\/\/www.skparbat.eu\/wordpress\/\",\"name\":\"\u0160K Parbat\",\"description\":\"Pre pohodu v pr\u00edrode\",\"potentialAction\":[{\"@type\":\"SearchAction\",\"target\":{\"@type\":\"EntryPoint\",\"urlTemplate\":\"https:\/\/www.skparbat.eu\/wordpress\/?s={search_term_string}\"},\"query-input\":\"required name=search_term_string\"}],\"inLanguage\":\"sk-SK\"}]}<\/script>\n<!-- \/ Yoast SEO plugin. -->","yoast_head_json":{"title":"O n\u00e1s - \u0160K Parbat","robots":{"index":"index","follow":"follow","max-snippet":"max-snippet:-1","max-image-preview":"max-image-preview:large","max-video-preview":"max-video-preview:-1"},"canonical":"https:\/\/www.skparbat.eu\/wordpress\/index.php\/o-nas\/","og_locale":"sk_SK","og_type":"article","og_title":"O n\u00e1s - \u0160K Parbat","og_description":"Ujs\u0165 z mesta von do lesa, to je pre n\u00e1s noblesa.Ticho h\u00f4r je na\u0161a hudba, ke\u010f sa slnko s nocou \u013e\u00fabia.V Tatr\u00e1ch \u017eulu ochyt\u00e1va\u0165, s po\u010das\u00edm si zahra\u0165 \u0161ach-mat.Be\u017ea\u0165 so svitan\u00edm o z\u00e1vod, studni\u010dku n\u00e1js\u0165 pr\u00e1ve vhod.Sneh n\u00e1s l\u00e1ka v zime von, v stehn\u00e1ch c\u00edti\u0165 kopca sklon.Ly\u017ee necha\u0165 svahom svi\u0161\u0165a\u0165, nech n\u00e1m srdcia riadne pi\u0161tia.V [&hellip;]","og_url":"https:\/\/www.skparbat.eu\/wordpress\/index.php\/o-nas\/","og_site_name":"\u0160K Parbat","article_modified_time":"2024-01-05T18:29:22+00:00","og_image":[{"url":"https:\/\/www.skparbat.eu\/wordpress\/wp-content\/uploads\/2023\/12\/TlacitDarujme-1024x529.jpg"}],"twitter_card":"summary_large_image","twitter_misc":{"Predpokladan\u00fd \u010das \u010d\u00edtania":"1 min\u00fata"},"schema":{"@context":"https:\/\/schema.org","@graph":[{"@type":"WebPage","@id":"https:\/\/www.skparbat.eu\/wordpress\/index.php\/o-nas\/","url":"https:\/\/www.skparbat.eu\/wordpress\/index.php\/o-nas\/","name":"O n\u00e1s - \u0160K Parbat","isPartOf":{"@id":"https:\/\/www.skparbat.eu\/wordpress\/#website"},"datePublished":"2022-10-22T18:26:29+00:00","dateModified":"2024-01-05T18:29:22+00:00","breadcrumb":{"@id":"https:\/\/www.skparbat.eu\/wordpress\/index.php\/o-nas\/#breadcrumb"},"inLanguage":"sk-SK","potentialAction":[{"@type":"ReadAction","target":["https:\/\/www.skparbat.eu\/wordpress\/index.php\/o-nas\/"]}]},{"@type":"BreadcrumbList","@id":"https:\/\/www.skparbat.eu\/wordpress\/index.php\/o-nas\/#breadcrumb","itemListElement":[{"@type":"ListItem","position":1,"name":"Home","item":"https:\/\/www.skparbat.eu\/wordpress\/"},{"@type":"ListItem","position":2,"name":"O n\u00e1s"}]},{"@type":"WebSite","@id":"https:\/\/www.skparbat.eu\/wordpress\/#website","url":"https:\/\/www.skparbat.eu\/wordpress\/","name":"\u0160K Parbat","description":"Pre pohodu v pr\u00edrode","potentialAction":[{"@type":"SearchAction","target":{"@type":"EntryPoint","urlTemplate":"https:\/\/www.skparbat.eu\/wordpress\/?s={search_term_string}"},"query-input":"required name=search_term_string"}],"inLanguage":"sk-SK"}]}},"_links":{"self":[{"href":"https:\/\/www.skparbat.eu\/wordpress\/index.php\/wp-json\/wp\/v2\/pages\/16"}],"collection":[{"href":"https:\/\/www.skparbat.eu\/wordpress\/index.php\/wp-json\/wp\/v2\/pages"}],"about":[{"href":"https:\/\/www.skparbat.eu\/wordpress\/index.php\/wp-json\/wp\/v2\/types\/page"}],"author":[{"embeddable":true,"href":"https:\/\/www.skparbat.eu\/wordpress\/index.php\/wp-json\/wp\/v2\/users\/1"}],"replies":[{"embeddable":true,"href":"https:\/\/www.skparbat.eu\/wordpress\/index.php\/wp-json\/wp\/v2\/comments?post=16"}],"version-history":[{"count":6,"href":"https:\/\/www.skparbat.eu\/wordpress\/index.php\/wp-json\/wp\/v2\/pages\/16\/revisions"}],"predecessor-version":[{"id":557,"href":"https:\/\/www.skparbat.eu\/wordpress\/index.php\/wp-json\/wp\/v2\/pages\/16\/revisions\/557"}],"wp:attachment":[{"href":"https:\/\/www.skparbat.eu\/wordpress\/index.php\/wp-json\/wp\/v2\/media?parent=16"}],"curies":[{"name":"wp","href":"https:\/\/api.w.org\/{rel}","templated":true}]}}