{"id":245,"date":"2023-10-25T20:04:44","date_gmt":"2023-10-25T18:04:44","guid":{"rendered":"https:\/\/www.skparbat.eu\/wordpress\/?page_id=245"},"modified":"2024-01-05T19:31:04","modified_gmt":"2024-01-05T18:31:04","slug":"podporte-nas","status":"publish","type":"page","link":"https:\/\/www.skparbat.eu\/wordpress\/index.php\/podporte-nas\/","title":{"rendered":"Podporte n\u00e1s"},"content":{"rendered":"<div class=\"wp-block-image\">\n<figure class=\"aligncenter is-resized\"><a href=\"https:\/\/www.websupport.sk\/\" target=\"_blank\" rel=\"noreferrer noopener\"><img decoding=\"async\" loading=\"lazy\" width=\"320\" height=\"100\" src=\"https:\/\/www.skparbat.eu\/wordpress\/wp-content\/uploads\/2023\/12\/freeweb-sk-3-1.png\" alt=\"\" class=\"wp-image-471\" style=\"aspect-ratio:3.2;width:390px;height:auto\" srcset=\"https:\/\/www.skparbat.eu\/wordpress\/wp-content\/uploads\/2023\/12\/freeweb-sk-3-1.png 320w, https:\/\/www.skparbat.eu\/wordpress\/wp-content\/uploads\/2023\/12\/freeweb-sk-3-1-300x94.png 300w\" sizes=\"(max-width: 320px) 100vw, 320px\" \/><\/a><\/figure><\/div>\n\n<div class=\"wp-block-image\">\n<figure class=\"aligncenter size-large is-resized\"><a href=\"https:\/\/parbateu.darujme.sk\/podpor-nase-aktivity-aed10\/\" target=\"_blank\" rel=\"noreferrer noopener\"><img decoding=\"async\" loading=\"lazy\" width=\"1024\" height=\"529\" src=\"https:\/\/www.skparbat.eu\/wordpress\/wp-content\/uploads\/2023\/12\/TlacitDarujme-1024x529.jpg\" alt=\"\" class=\"wp-image-509\" style=\"aspect-ratio:1.9357277882797732;width:391px;height:auto\" srcset=\"https:\/\/www.skparbat.eu\/wordpress\/wp-content\/uploads\/2023\/12\/TlacitDarujme-1024x529.jpg 1024w, https:\/\/www.skparbat.eu\/wordpress\/wp-content\/uploads\/2023\/12\/TlacitDarujme-300x155.jpg 300w, https:\/\/www.skparbat.eu\/wordpress\/wp-content\/uploads\/2023\/12\/TlacitDarujme-768x397.jpg 768w, https:\/\/www.skparbat.eu\/wordpress\/wp-content\/uploads\/2023\/12\/TlacitDarujme-1536x794.jpg 1536w, https:\/\/www.skparbat.eu\/wordpress\/wp-content\/uploads\/2023\/12\/TlacitDarujme-2048x1058.jpg 2048w\" sizes=\"(max-width: 1024px) 100vw, 1024px\" \/><\/a><\/figure><\/div>\n\n\n<p><\/p>\n\n\n\n<p>Pom\u00e1hame vytv\u00e1ra\u0165 podmienky na kvalitn\u00fa a pr\u00edjemn\u00fa turistiku v N\u00edzkych Tatr\u00e1ch. Rob\u00edme to dobrovo\u013ene, bez n\u00e1roku na finan\u010dn\u00e9 odmeny. Dar\u00ed sa n\u00e1m to aj v\u010faka v\u00e1m, ktor\u00ed sa prid\u00e1vate na dobrovo\u013en\u00edcke brig\u00e1dy, \u010do organizujeme a spolu zhmot\u0148ujeme na\u0161e spolo\u010dn\u00e9 predstavy o kvalitn\u00fdch turistick\u00fdch chodn\u00edkoch. Okrem spriechod\u0148ovania chodn\u00edkov zarasten\u00fdch kosodrevinou, \u010di prekr\u00ed\u017een\u00fdch zvalen\u00fdmi such\u00fdmi stromami m\u00e1me \u010fal\u0161ie pl\u00e1ny. Vybudova\u0165 lavi\u010dky, pr\u00edstre\u0161ky \u010di informa\u010dno-vzdel\u00e1vacie prvky, ktor\u00e9 turistom r\u00f4zneho veku \u010di kond\u00edcie spr\u00edjemnia pobyt v na\u0161ich hor\u00e1ch.&nbsp;<\/p>\n\n\n\n<p><strong>Ako n\u00e1s v tom podpori\u0165? Vyberte si pokojne aj kombin\u00e1ciu viacer\u00fdch mo\u017enost\u00ed<\/strong>:<\/p>\n\n\n\n<p>&#8211; po\u0161lete n\u00e1m tip na chodn\u00edk v N\u00edzkych Tatr\u00e1ch, ktor\u00fd potrebuje spriechodni\u0165<\/p>\n\n\n\n<p>&#8211; z\u00fa\u010dastn\u00edte sa na\u0161ich brig\u00e1d a v ide\u00e1lnom pr\u00edpade zavol\u00e1te aj \u010fal\u0161\u00edch priate\u013eov<\/p>\n\n\n\n<p>&#8211; po\u0161lete n\u00e1m svoj n\u00e1pad, ako by ste chceli pom\u00f4c\u0165 a spolu sa do toho pust\u00edme<\/p>\n\n\n\n<p>&#8211;&nbsp;<a href=\"https:\/\/www.skparbat.eu\/index.php\/aktivity\/8-aktivity\/36-kazde-percento-sa-rata-2021\" target=\"_blank\" rel=\"noreferrer noopener\">venujete n\u00e1m svoje 2% alebo 3% z dane<\/a><\/p>\n\n\n\n<p>&#8211; po\u0161lete v\u00e1\u0161 finan\u010dn\u00fd dar priamo na n\u00e1\u0161 \u00fa\u010det SK0683300000002600674163 s textom &#8222;dar&#8230;&#8220; alebo kliknut\u00edm vpravo si vyberiete mo\u017enos\u0165 jednorazov\u00e9ho alebo pravideln\u00e9ho finan\u010dn\u00e9ho pr\u00edspevku<\/p>\n\n\n\n<p>&#8211; <a href=\"https:\/\/parbateu.darujme.sk\/1993\/\" target=\"_blank\" rel=\"noreferrer noopener\">https:\/\/parbateu.darujme.sk\/1993\/<\/a> <\/p>\n\n\n\n<p>Finan\u010dn\u00e9 pr\u00edspevky vyu\u017eijeme na organiz\u00e1ciu a n\u00e1kup materi\u00e1lu, n\u00e1radia i ob\u010derstvenia na dobrovo\u013en\u00edcke brig\u00e1dy. \u0160ikovn\u00e9 ruky a dobr\u00e9 n\u00e1pady zu\u017eitkujeme pri ich realiz\u00e1cii. \u010eakujeme za ka\u017ed\u00fa podporu!<\/p>\n","protected":false},"excerpt":{"rendered":"<p>Pom\u00e1hame vytv\u00e1ra\u0165 podmienky na kvalitn\u00fa a pr\u00edjemn\u00fa turistiku v N\u00edzkych Tatr\u00e1ch. Rob\u00edme to dobrovo\u013ene, bez n\u00e1roku na finan\u010dn\u00e9 odmeny. Dar\u00ed sa n\u00e1m to aj v\u010faka v\u00e1m, ktor\u00ed sa prid\u00e1vate na dobrovo\u013en\u00edcke brig\u00e1dy, \u010do organizujeme a spolu zhmot\u0148ujeme na\u0161e spolo\u010dn\u00e9 predstavy o kvalitn\u00fdch turistick\u00fdch chodn\u00edkoch. Okrem spriechod\u0148ovania chodn\u00edkov zarasten\u00fdch kosodrevinou, \u010di prekr\u00ed\u017een\u00fdch zvalen\u00fdmi such\u00fdmi stromami m\u00e1me [&hellip;]<\/p>\n","protected":false},"author":1,"featured_media":0,"parent":0,"menu_order":0,"comment_status":"closed","ping_status":"closed","template":"","meta":{"_mi_skip_tracking":false,"footnotes":""},"yoast_head":"<!-- This site is optimized with the Yoast SEO plugin v19.7.1 - https:\/\/yoast.com\/wordpress\/plugins\/seo\/ -->\n<title>Podporte n\u00e1s - \u0160K Parbat<\/title>\n<meta name=\"robots\" content=\"index, follow, max-snippet:-1, max-image-preview:large, max-video-preview:-1\" \/>\n<link rel=\"canonical\" href=\"https:\/\/www.skparbat.eu\/wordpress\/index.php\/podporte-nas\/\" \/>\n<meta property=\"og:locale\" content=\"sk_SK\" \/>\n<meta property=\"og:type\" content=\"article\" \/>\n<meta property=\"og:title\" content=\"Podporte n\u00e1s - \u0160K Parbat\" \/>\n<meta property=\"og:description\" content=\"Pom\u00e1hame vytv\u00e1ra\u0165 podmienky na kvalitn\u00fa a pr\u00edjemn\u00fa turistiku v N\u00edzkych Tatr\u00e1ch. Rob\u00edme to dobrovo\u013ene, bez n\u00e1roku na finan\u010dn\u00e9 odmeny. Dar\u00ed sa n\u00e1m to aj v\u010faka v\u00e1m, ktor\u00ed sa prid\u00e1vate na dobrovo\u013en\u00edcke brig\u00e1dy, \u010do organizujeme a spolu zhmot\u0148ujeme na\u0161e spolo\u010dn\u00e9 predstavy o kvalitn\u00fdch turistick\u00fdch chodn\u00edkoch. Okrem spriechod\u0148ovania chodn\u00edkov zarasten\u00fdch kosodrevinou, \u010di prekr\u00ed\u017een\u00fdch zvalen\u00fdmi such\u00fdmi stromami m\u00e1me [&hellip;]\" \/>\n<meta property=\"og:url\" content=\"https:\/\/www.skparbat.eu\/wordpress\/index.php\/podporte-nas\/\" \/>\n<meta property=\"og:site_name\" content=\"\u0160K Parbat\" \/>\n<meta property=\"article:modified_time\" content=\"2024-01-05T18:31:04+00:00\" \/>\n<meta property=\"og:image\" content=\"https:\/\/www.skparbat.eu\/wordpress\/wp-content\/uploads\/2023\/12\/freeweb-sk-3-1.png\" \/>\n<meta name=\"twitter:card\" content=\"summary_large_image\" \/>\n<meta name=\"twitter:label1\" content=\"Predpokladan\u00fd \u010das \u010d\u00edtania\" \/>\n\t<meta name=\"twitter:data1\" content=\"1 min\u00fata\" \/>\n<script type=\"application\/ld+json\" class=\"yoast-schema-graph\">{\"@context\":\"https:\/\/schema.org\",\"@graph\":[{\"@type\":\"WebPage\",\"@id\":\"https:\/\/www.skparbat.eu\/wordpress\/index.php\/podporte-nas\/\",\"url\":\"https:\/\/www.skparbat.eu\/wordpress\/index.php\/podporte-nas\/\",\"name\":\"Podporte n\u00e1s - \u0160K Parbat\",\"isPartOf\":{\"@id\":\"https:\/\/www.skparbat.eu\/wordpress\/#website\"},\"datePublished\":\"2023-10-25T18:04:44+00:00\",\"dateModified\":\"2024-01-05T18:31:04+00:00\",\"breadcrumb\":{\"@id\":\"https:\/\/www.skparbat.eu\/wordpress\/index.php\/podporte-nas\/#breadcrumb\"},\"inLanguage\":\"sk-SK\",\"potentialAction\":[{\"@type\":\"ReadAction\",\"target\":[\"https:\/\/www.skparbat.eu\/wordpress\/index.php\/podporte-nas\/\"]}]},{\"@type\":\"BreadcrumbList\",\"@id\":\"https:\/\/www.skparbat.eu\/wordpress\/index.php\/podporte-nas\/#breadcrumb\",\"itemListElement\":[{\"@type\":\"ListItem\",\"position\":1,\"name\":\"Home\",\"item\":\"https:\/\/www.skparbat.eu\/wordpress\/\"},{\"@type\":\"ListItem\",\"position\":2,\"name\":\"Podporte n\u00e1s\"}]},{\"@type\":\"WebSite\",\"@id\":\"https:\/\/www.skparbat.eu\/wordpress\/#website\",\"url\":\"https:\/\/www.skparbat.eu\/wordpress\/\",\"name\":\"\u0160K Parbat\",\"description\":\"Pre pohodu v pr\u00edrode\",\"potentialAction\":[{\"@type\":\"SearchAction\",\"target\":{\"@type\":\"EntryPoint\",\"urlTemplate\":\"https:\/\/www.skparbat.eu\/wordpress\/?s={search_term_string}\"},\"query-input\":\"required name=search_term_string\"}],\"inLanguage\":\"sk-SK\"}]}<\/script>\n<!-- \/ Yoast SEO plugin. -->","yoast_head_json":{"title":"Podporte n\u00e1s - \u0160K Parbat","robots":{"index":"index","follow":"follow","max-snippet":"max-snippet:-1","max-image-preview":"max-image-preview:large","max-video-preview":"max-video-preview:-1"},"canonical":"https:\/\/www.skparbat.eu\/wordpress\/index.php\/podporte-nas\/","og_locale":"sk_SK","og_type":"article","og_title":"Podporte n\u00e1s - \u0160K Parbat","og_description":"Pom\u00e1hame vytv\u00e1ra\u0165 podmienky na kvalitn\u00fa a pr\u00edjemn\u00fa turistiku v N\u00edzkych Tatr\u00e1ch. Rob\u00edme to dobrovo\u013ene, bez n\u00e1roku na finan\u010dn\u00e9 odmeny. Dar\u00ed sa n\u00e1m to aj v\u010faka v\u00e1m, ktor\u00ed sa prid\u00e1vate na dobrovo\u013en\u00edcke brig\u00e1dy, \u010do organizujeme a spolu zhmot\u0148ujeme na\u0161e spolo\u010dn\u00e9 predstavy o kvalitn\u00fdch turistick\u00fdch chodn\u00edkoch. Okrem spriechod\u0148ovania chodn\u00edkov zarasten\u00fdch kosodrevinou, \u010di prekr\u00ed\u017een\u00fdch zvalen\u00fdmi such\u00fdmi stromami m\u00e1me [&hellip;]","og_url":"https:\/\/www.skparbat.eu\/wordpress\/index.php\/podporte-nas\/","og_site_name":"\u0160K Parbat","article_modified_time":"2024-01-05T18:31:04+00:00","og_image":[{"url":"https:\/\/www.skparbat.eu\/wordpress\/wp-content\/uploads\/2023\/12\/freeweb-sk-3-1.png"}],"twitter_card":"summary_large_image","twitter_misc":{"Predpokladan\u00fd \u010das \u010d\u00edtania":"1 min\u00fata"},"schema":{"@context":"https:\/\/schema.org","@graph":[{"@type":"WebPage","@id":"https:\/\/www.skparbat.eu\/wordpress\/index.php\/podporte-nas\/","url":"https:\/\/www.skparbat.eu\/wordpress\/index.php\/podporte-nas\/","name":"Podporte n\u00e1s - \u0160K Parbat","isPartOf":{"@id":"https:\/\/www.skparbat.eu\/wordpress\/#website"},"datePublished":"2023-10-25T18:04:44+00:00","dateModified":"2024-01-05T18:31:04+00:00","breadcrumb":{"@id":"https:\/\/www.skparbat.eu\/wordpress\/index.php\/podporte-nas\/#breadcrumb"},"inLanguage":"sk-SK","potentialAction":[{"@type":"ReadAction","target":["https:\/\/www.skparbat.eu\/wordpress\/index.php\/podporte-nas\/"]}]},{"@type":"BreadcrumbList","@id":"https:\/\/www.skparbat.eu\/wordpress\/index.php\/podporte-nas\/#breadcrumb","itemListElement":[{"@type":"ListItem","position":1,"name":"Home","item":"https:\/\/www.skparbat.eu\/wordpress\/"},{"@type":"ListItem","position":2,"name":"Podporte n\u00e1s"}]},{"@type":"WebSite","@id":"https:\/\/www.skparbat.eu\/wordpress\/#website","url":"https:\/\/www.skparbat.eu\/wordpress\/","name":"\u0160K Parbat","description":"Pre pohodu v pr\u00edrode","potentialAction":[{"@type":"SearchAction","target":{"@type":"EntryPoint","urlTemplate":"https:\/\/www.skparbat.eu\/wordpress\/?s={search_term_string}"},"query-input":"required name=search_term_string"}],"inLanguage":"sk-SK"}]}},"_links":{"self":[{"href":"https:\/\/www.skparbat.eu\/wordpress\/index.php\/wp-json\/wp\/v2\/pages\/245"}],"collection":[{"href":"https:\/\/www.skparbat.eu\/wordpress\/index.php\/wp-json\/wp\/v2\/pages"}],"about":[{"href":"https:\/\/www.skparbat.eu\/wordpress\/index.php\/wp-json\/wp\/v2\/types\/page"}],"author":[{"embeddable":true,"href":"https:\/\/www.skparbat.eu\/wordpress\/index.php\/wp-json\/wp\/v2\/users\/1"}],"replies":[{"embeddable":true,"href":"https:\/\/www.skparbat.eu\/wordpress\/index.php\/wp-json\/wp\/v2\/comments?post=245"}],"version-history":[{"count":6,"href":"https:\/\/www.skparbat.eu\/wordpress\/index.php\/wp-json\/wp\/v2\/pages\/245\/revisions"}],"predecessor-version":[{"id":559,"href":"https:\/\/www.skparbat.eu\/wordpress\/index.php\/wp-json\/wp\/v2\/pages\/245\/revisions\/559"}],"wp:attachment":[{"href":"https:\/\/www.skparbat.eu\/wordpress\/index.php\/wp-json\/wp\/v2\/media?parent=245"}],"curies":[{"name":"wp","href":"https:\/\/api.w.org\/{rel}","templated":true}]}}